{"id":588,"date":"2024-12-14T05:03:26","date_gmt":"2024-12-14T05:03:26","guid":{"rendered":"https:\/\/chihuahuagreencity.org\/?page_id=588"},"modified":"2024-12-14T05:03:26","modified_gmt":"2024-12-14T05:03:26","slug":"simbiosis-industrial","status":"publish","type":"page","link":"https:\/\/chihuahuagreencity.org\/?page_id=588","title":{"rendered":"Simbiosis Industrial"},"content":{"rendered":"\n<h2 class=\"wp-block-heading\">Qu\u00e9 es la Simbiosis Industrial<\/h2>\n\n\n\n<p>Es una metodolog\u00eda y herramienta de aplicaci\u00f3n pr\u00e1ctica de la Econom\u00eda Circular, haciendo uso eficiente de los recursos y mejora de la competitividad en la industria.<\/p>\n\n\n\n<p>La Simbiosis Industrial es una estrategia empresarial que incentiva la colaboraci\u00f3n entre empresas, tradicionalmente sin relaci\u00f3n, para hacer realidad nuevas oportunidades de negocio explorando maneras innovadoras de ponerlas en pr\u00e1ctica:<\/p>\n\n\n\n<ul class=\"wp-block-list\">\n<li>Dando valor a recursos sobrantes como energ\u00eda, agua, residuos, materiales, log\u00edstica, conocimiento\u2026<\/li>\n\n\n\n<li>Encontrando soluciones innovadoras en la provisi\u00f3n de recursos.<\/li>\n<\/ul>\n\n\n\n<p>Un proyecto de Simbiosis Industrial se implementa con la ayuda de un facilitador que identifique oportunidades y ayude a ponerlas en marcha, recopilando y gestionando datos de industrias para encontrar sinergias y creando beneficio econ\u00f3mico y valor a\u00f1adido en las empresas.<\/p>\n\n\n\n<p><strong>Fuente<\/strong>: <a href=\"https:\/\/www.simbiosy.com\/simbiosisindustrial\">https:\/\/www.simbiosy.com\/simbiosisindustrial<\/a><\/p>\n\n\n\n<p><strong>DUE<\/strong>:&nbsp;<a href=\"https:\/\/www.eeas.europa.eu\/delegations\/m%C3%A9xico_es?s=248\" target=\"_blank\" rel=\"noreferrer noopener\">https:\/\/www.eeas.europa.eu\/delegations\/m%C3%A9xico_es?s=24<\/a><\/p>\n","protected":false},"excerpt":{"rendered":"<p>Qu\u00e9 es la Simbiosis Industrial Es una metodolog\u00eda y herramienta de aplicaci\u00f3n pr\u00e1ctica de la Econom\u00eda Circular, haciendo uso eficiente de los recursos y mejora de la competitividad en la industria. La Simbiosis Industrial es una estrategia empresarial que incentiva la colaboraci\u00f3n entre empresas, tradicionalmente sin relaci\u00f3n, para hacer realidad nuevas oportunidades de negocio explorando [&hellip;]<\/p>\n","protected":false},"author":1,"featured_media":0,"parent":0,"menu_order":0,"comment_status":"closed","ping_status":"closed","template":"","meta":{"footnotes":""},"class_list":["post-588","page","type-page","status-publish","hentry"],"_links":{"self":[{"href":"https:\/\/chihuahuagreencity.org\/index.php?rest_route=\/wp\/v2\/pages\/588","targetHints":{"allow":["GET"]}}],"collection":[{"href":"https:\/\/chihuahuagreencity.org\/index.php?rest_route=\/wp\/v2\/pages"}],"about":[{"href":"https:\/\/chihuahuagreencity.org\/index.php?rest_route=\/wp\/v2\/types\/page"}],"author":[{"embeddable":true,"href":"https:\/\/chihuahuagreencity.org\/index.php?rest_route=\/wp\/v2\/users\/1"}],"replies":[{"embeddable":true,"href":"https:\/\/chihuahuagreencity.org\/index.php?rest_route=%2Fwp%2Fv2%2Fcomments&post=588"}],"version-history":[{"count":1,"href":"https:\/\/chihuahuagreencity.org\/index.php?rest_route=\/wp\/v2\/pages\/588\/revisions"}],"predecessor-version":[{"id":590,"href":"https:\/\/chihuahuagreencity.org\/index.php?rest_route=\/wp\/v2\/pages\/588\/revisions\/590"}],"wp:attachment":[{"href":"https:\/\/chihuahuagreencity.org\/index.php?rest_route=%2Fwp%2Fv2%2Fmedia&parent=588"}],"curies":[{"name":"wp","href":"https:\/\/api.w.org\/{rel}","templated":true}]}}