{"id":584,"date":"2024-12-14T05:00:08","date_gmt":"2024-12-14T05:00:08","guid":{"rendered":"https:\/\/chihuahuagreencity.org\/?page_id=584"},"modified":"2024-12-14T05:00:08","modified_gmt":"2024-12-14T05:00:08","slug":"pacto-economia-circular","status":"publish","type":"page","link":"https:\/\/chihuahuagreencity.org\/?page_id=584","title":{"rendered":"PACTO ECONOM\u00cdA CIRCULAR (WCEF2023 Side Event)"},"content":{"rendered":"\n<p>Acerca de<\/p>\n\n\n\n<p>COPARMEX Chihuahua y la Red Latinoamericana de Gobiernos Confiables (RED LAGOC) de la Fundaci\u00f3n Internacional para el Desarrollo de Gobiernos Confiables (FIDEGOC), con el apoyo del Gobierno del Estado, a trav\u00e9s de la Secretar\u00eda de Innovaci\u00f3n y Desarrollo Econ\u00f3mico, as\u00ed como del Gobierno Municipal de Chihuahua, tiene el placer de invitarle a un evento sin precedentes, el CIRCULAR ECONOMY COMPACT: Accelerating Transitions in Latin America from Chihuahua.<br><br>Este evento marca un hito significativo en la promoci\u00f3n de transiciones sostenibles en Am\u00e9rica Latina. Este evento trascendental, que se llevar\u00e1 a cabo tanto de manera f\u00edsica como virtual, tiene como objetivo impulsar los esfuerzos colectivos para adoptar los principios de la econom\u00eda circular.<br><br>\u00bfTe imaginas tener un Task Force de Econom\u00eda Circular en tu colonia, en tu ciudad, en tu regi\u00f3n o incluso en todo tu pa\u00eds? Sumando esfuerzos y adhiri\u00e9ndonos colectivamente a la red, podemos generar un movimiento poderoso hacia un futuro m\u00e1s sostenible.<br><br>El Pacto de Econom\u00eda Circular no s\u00f3lo reconoce la necesidad urgente de alejarnos de los modelos lineales de producci\u00f3n y consumo, sino que tambi\u00e9n destaca el inmenso potencial de crecimiento econ\u00f3mico, creaci\u00f3n de empleo y preservaci\u00f3n del medio ambiente a trav\u00e9s de pr\u00e1cticas circulares e integrales con un enfoque en la confiabilidad. Se convoca a actores de todos los sectores, como gobierno, industria, academia, sociedad civil y ciudadanos, a colaborar e impulsar un cambio positivo.<br><br>El Estado de Chihuahua, un centro pr\u00f3spero en Am\u00e9rica Latina, sirve como plataforma de lanzamiento para esta iniciativa innovadora. A trav\u00e9s de la compartici\u00f3n de conocimientos, la capacitaci\u00f3n, la certificaci\u00f3n, la promoci\u00f3n de pol\u00edticas y proyectos colaborativos, estos Task Forces liderar\u00e1n la transici\u00f3n hacia una econom\u00eda circular en Am\u00e9rica Latina.<br><br>El evento de lanzamiento reunir\u00e1 a l\u00edderes de pensamiento, expertos y profesionales de todo el mundo, quienes compartir\u00e1n sus experiencias, mejores pr\u00e1cticas y soluciones innovadoras. Mediante una combinaci\u00f3n de participaci\u00f3n f\u00edsica y virtual, personas y organizaciones tendr\u00e1n la oportunidad de conectarse, aprender y contribuir al Pacto de Econom\u00eda Circular.<br><br>Al abrazar los principios de la econom\u00eda circular y trabajar colectivamente, podemos desbloquear inmensos beneficios socioecon\u00f3micos y ambientales para Am\u00e9rica Latina y m\u00e1s all\u00e1. \u00danete al movimiento, s\u00e9 parte del Pacto de Econom\u00eda Circular y acelera la transici\u00f3n hacia un futuro sostenible.<\/p>\n","protected":false},"excerpt":{"rendered":"<p>Acerca de COPARMEX Chihuahua y la Red Latinoamericana de Gobiernos Confiables (RED LAGOC) de la Fundaci\u00f3n Internacional para el Desarrollo de Gobiernos Confiables (FIDEGOC), con el apoyo del Gobierno del Estado, a trav\u00e9s de la Secretar\u00eda de Innovaci\u00f3n y Desarrollo Econ\u00f3mico, as\u00ed como del Gobierno Municipal de Chihuahua, tiene el placer de invitarle a un [&hellip;]<\/p>\n","protected":false},"author":1,"featured_media":0,"parent":0,"menu_order":0,"comment_status":"closed","ping_status":"closed","template":"","meta":{"footnotes":""},"class_list":["post-584","page","type-page","status-publish","hentry"],"_links":{"self":[{"href":"https:\/\/chihuahuagreencity.org\/index.php?rest_route=\/wp\/v2\/pages\/584","targetHints":{"allow":["GET"]}}],"collection":[{"href":"https:\/\/chihuahuagreencity.org\/index.php?rest_route=\/wp\/v2\/pages"}],"about":[{"href":"https:\/\/chihuahuagreencity.org\/index.php?rest_route=\/wp\/v2\/types\/page"}],"author":[{"embeddable":true,"href":"https:\/\/chihuahuagreencity.org\/index.php?rest_route=\/wp\/v2\/users\/1"}],"replies":[{"embeddable":true,"href":"https:\/\/chihuahuagreencity.org\/index.php?rest_route=%2Fwp%2Fv2%2Fcomments&post=584"}],"version-history":[{"count":1,"href":"https:\/\/chihuahuagreencity.org\/index.php?rest_route=\/wp\/v2\/pages\/584\/revisions"}],"predecessor-version":[{"id":585,"href":"https:\/\/chihuahuagreencity.org\/index.php?rest_route=\/wp\/v2\/pages\/584\/revisions\/585"}],"wp:attachment":[{"href":"https:\/\/chihuahuagreencity.org\/index.php?rest_route=%2Fwp%2Fv2%2Fmedia&parent=584"}],"curies":[{"name":"wp","href":"https:\/\/api.w.org\/{rel}","templated":true}]}}