{"id":582,"date":"2024-12-14T04:58:49","date_gmt":"2024-12-14T04:58:49","guid":{"rendered":"https:\/\/chihuahuagreencity.org\/?page_id=582"},"modified":"2024-12-14T04:58:49","modified_gmt":"2024-12-14T04:58:49","slug":"coder","status":"publish","type":"page","link":"https:\/\/chihuahuagreencity.org\/?page_id=582","title":{"rendered":"CODER"},"content":{"rendered":"\n<p>El <strong>Consejo de Desarrollo Econ\u00f3mico Regional<\/strong> Chihuahua Centro es un ente&nbsp;identificador, vinculador e impulsor de iniciativas y proyectos de desarrollo&nbsp;econ\u00f3mico regional de alto valor, es decir, el organismo es el encargado de&nbsp;impulsar la agenda de competitividad de la regi\u00f3n.<\/p>\n\n\n\n<p>Es por ello que <strong>CODER se erige&nbsp;<\/strong><strong>como un aliado fundamental para Chihuahua Green City<\/strong>, pues bajo su Misi\u00f3n y&nbsp;Visi\u00f3n, han logrado capitalizar un v\u00ednculo fuerte para impulsar proyectos&nbsp;sustentables en Chihuahua Capital, en la b\u00fasqueda de que las empresas locales&nbsp;puedan participar en una <em>Simbiosis Industrial<\/em> a trav\u00e9s de actividades enfocadas&nbsp;a la <em>Econom\u00eda Circular<\/em>, con ahorros y beneficios econ\u00f3micos entre las mismas,&nbsp;as\u00ed como resultados positivos en materia medioambiental.<\/p>\n\n\n\n<p>Es as\u00ed que <strong>CODER tiene la&nbsp;<\/strong><strong>clara finalidad de propiciar una mayor calidad de vida para los habitantes de&nbsp;<\/strong><strong>Chihuahua<\/strong>, un desempe\u00f1o estrat\u00e9gico de las industrias locales, as\u00ed como la promoci\u00f3n&nbsp;de la cohesi\u00f3n de la sociedad civil organizada y el sector gubernamental.<\/p>\n\n\n\n<p>Su actuar se fundamenta en el Art.25 de la Ley de Fomento y Desarrollo Econ\u00f3mico del Estado de Chihuahua.<\/p>\n","protected":false},"excerpt":{"rendered":"<p>El Consejo de Desarrollo Econ\u00f3mico Regional Chihuahua Centro es un ente&nbsp;identificador, vinculador e impulsor de iniciativas y proyectos de desarrollo&nbsp;econ\u00f3mico regional de alto valor, es decir, el organismo es el encargado de&nbsp;impulsar la agenda de competitividad de la regi\u00f3n. Es por ello que CODER se erige&nbsp;como un aliado fundamental para Chihuahua Green City, pues bajo [&hellip;]<\/p>\n","protected":false},"author":1,"featured_media":0,"parent":0,"menu_order":0,"comment_status":"closed","ping_status":"closed","template":"","meta":{"footnotes":""},"class_list":["post-582","page","type-page","status-publish","hentry"],"_links":{"self":[{"href":"https:\/\/chihuahuagreencity.org\/index.php?rest_route=\/wp\/v2\/pages\/582","targetHints":{"allow":["GET"]}}],"collection":[{"href":"https:\/\/chihuahuagreencity.org\/index.php?rest_route=\/wp\/v2\/pages"}],"about":[{"href":"https:\/\/chihuahuagreencity.org\/index.php?rest_route=\/wp\/v2\/types\/page"}],"author":[{"embeddable":true,"href":"https:\/\/chihuahuagreencity.org\/index.php?rest_route=\/wp\/v2\/users\/1"}],"replies":[{"embeddable":true,"href":"https:\/\/chihuahuagreencity.org\/index.php?rest_route=%2Fwp%2Fv2%2Fcomments&post=582"}],"version-history":[{"count":1,"href":"https:\/\/chihuahuagreencity.org\/index.php?rest_route=\/wp\/v2\/pages\/582\/revisions"}],"predecessor-version":[{"id":583,"href":"https:\/\/chihuahuagreencity.org\/index.php?rest_route=\/wp\/v2\/pages\/582\/revisions\/583"}],"wp:attachment":[{"href":"https:\/\/chihuahuagreencity.org\/index.php?rest_route=%2Fwp%2Fv2%2Fmedia&parent=582"}],"curies":[{"name":"wp","href":"https:\/\/api.w.org\/{rel}","templated":true}]}}