{"id":575,"date":"2024-12-14T04:57:13","date_gmt":"2024-12-14T04:57:13","guid":{"rendered":"https:\/\/chihuahuagreencity.org\/?page_id=575"},"modified":"2024-12-14T04:57:13","modified_gmt":"2024-12-14T04:57:13","slug":"mision","status":"publish","type":"page","link":"https:\/\/chihuahuagreencity.org\/?page_id=575","title":{"rendered":"Misi\u00f3n"},"content":{"rendered":"\n<p>Impulsar la aplicaci\u00f3n de nuevos modelos industriales, sociales y medioambientales para que <strong>en un tiempo no muy lejano la ciudad de Chihuahua sea denominada \u201cLa Capital Verde de M\u00e9xico\u201d<\/strong>.<\/p>\n\n\n\n<p>Generar estrategias asertivas que lleven a la sociedad chihuahuense, en su conjunto, a <strong>un cambio de mentalidad que potencie la conservaci\u00f3n, manejo y aprovechamiento sostenible de los recursos naturales<\/strong> y de nuestro entorno.<\/p>\n\n\n\n<p>Ser siempre promotores de <strong>estilos de trabajo y de vida que permitan mitigar los efectos del cambio clim\u00e1tico<\/strong>, a fin de lograr beneficios y nuevas oportunidades para todos, lo que detonar\u00e1 una mayor competitividad y armon\u00eda en nuestra regi\u00f3n.<\/p>\n","protected":false},"excerpt":{"rendered":"<p>Impulsar la aplicaci\u00f3n de nuevos modelos industriales, sociales y medioambientales para que en un tiempo no muy lejano la ciudad de Chihuahua sea denominada \u201cLa Capital Verde de M\u00e9xico\u201d. Generar estrategias asertivas que lleven a la sociedad chihuahuense, en su conjunto, a un cambio de mentalidad que potencie la conservaci\u00f3n, manejo y aprovechamiento sostenible de [&hellip;]<\/p>\n","protected":false},"author":1,"featured_media":0,"parent":0,"menu_order":0,"comment_status":"closed","ping_status":"closed","template":"","meta":{"footnotes":""},"class_list":["post-575","page","type-page","status-publish","hentry"],"_links":{"self":[{"href":"https:\/\/chihuahuagreencity.org\/index.php?rest_route=\/wp\/v2\/pages\/575","targetHints":{"allow":["GET"]}}],"collection":[{"href":"https:\/\/chihuahuagreencity.org\/index.php?rest_route=\/wp\/v2\/pages"}],"about":[{"href":"https:\/\/chihuahuagreencity.org\/index.php?rest_route=\/wp\/v2\/types\/page"}],"author":[{"embeddable":true,"href":"https:\/\/chihuahuagreencity.org\/index.php?rest_route=\/wp\/v2\/users\/1"}],"replies":[{"embeddable":true,"href":"https:\/\/chihuahuagreencity.org\/index.php?rest_route=%2Fwp%2Fv2%2Fcomments&post=575"}],"version-history":[{"count":1,"href":"https:\/\/chihuahuagreencity.org\/index.php?rest_route=\/wp\/v2\/pages\/575\/revisions"}],"predecessor-version":[{"id":576,"href":"https:\/\/chihuahuagreencity.org\/index.php?rest_route=\/wp\/v2\/pages\/575\/revisions\/576"}],"wp:attachment":[{"href":"https:\/\/chihuahuagreencity.org\/index.php?rest_route=%2Fwp%2Fv2%2Fmedia&parent=575"}],"curies":[{"name":"wp","href":"https:\/\/api.w.org\/{rel}","templated":true}]}}