{"id":3,"date":"2024-12-02T20:42:29","date_gmt":"2024-12-02T20:42:29","guid":{"rendered":"https:\/\/chihuahuagreencity.org\/?page_id=3"},"modified":"2024-12-19T20:12:55","modified_gmt":"2024-12-19T20:12:55","slug":"aviso-de-privacidad","status":"publish","type":"page","link":"https:\/\/chihuahuagreencity.org\/?page_id=3","title":{"rendered":"Aviso de Privacidad"},"content":{"rendered":"\n<h2 class=\"wp-block-heading\">Aviso de Privacidad Integral de proyecto Chihuahua Green<\/h2>\n\n\n\n<p>Todos los integrantes que forman parte del proyecto Chihuahua Green, el cual tiene ubicaci\u00f3n en la ciudad de Chihuahua, Chihuahua y como tal a continuaci\u00f3n se le llamar\u00e1 Chihuahua Green, es responsable del tratamiento de los datos personales que se recaban de forma general a trav\u00e9s de los formularios dentro de los portales de Chihuahua Green, los cuales ser\u00e1n protegidos conforme a lo dispuesto por la Ley General de Protecci\u00f3n de Datos Personales en Posesi\u00f3n de Sujetos Obligados, y dem\u00e1s normatividad que resulte aplicable; dichos datos son los listados en el apartado siguiente. Los datos personales recolectados por las dependencias y entidades de la Administraci\u00f3n P\u00fablica Federal, y empresas productivas del Estado, los cuales consolidan los sitios, micrositios y redes sociales a trav\u00e9s de los portales que conforman el proyecto Chihuahua Green, ser\u00e1n tratados bajo su responsabilidad, conforme a sus atribuciones legales y el aviso de privacidad correspondiente.<\/p>\n\n\n\n<p>Los datos personales que se recolectan en nuestros sitios de Chihuahua Green y cuya finalidad del tratamiento es el contacto con el mismo interesado.<\/p>\n\n\n\n<p>Los datos personales que se recaba a trav\u00e9s de los portales de Chihuahua Green son: nombre, correo electr\u00f3nico, tel\u00e9fono y nombre de empresa. Chihuahua .<\/p>\n\n\n\n<p>Chihuahua Green utiliza cookies para ayudar a obtener informaci\u00f3n que nos permite mejorar la experiencia de usuario y brindar un mejor servicio. En cualquier momento, dichas cookies pueden ser eliminadas accediendo a las preferencias de configuraci\u00f3n del navegador en uso.<\/p>\n\n\n\n<p><strong>Fundamento legal para llevar a cabo el tratamiento<\/strong><\/p>\n\n\n\n<p>Personal del proyecto Chihuahua Green trata los datos personales antes se\u00f1alados con fundamento en los art\u00edculos 6\u00b0 Base A y 16 segundo p\u00e1rrafo de la Constituci\u00f3n Pol\u00edtica de los Estados Unidos Mexicanos; 3\u00b0, fracci\u00f3n XXXIII, 4\u00b0, 16, 17 y 18 de la Ley General de Protecci\u00f3n de Datos Personales en Posesi\u00f3n de Sujetos Obligados; 1\u00b0 y 8\u00ba, fracci\u00f3n I, y transitorios Segundo y D\u00e9cimo Tercero de la Ley Org\u00e1nica de la Administraci\u00f3n P\u00fablica Federal; Primero, Tercero y D\u00e9cimo Tercero del Decreto por el que se establece la Ventanilla \u00danica Nacional para los Tr\u00e1mites e Informaci\u00f3n del Gobierno; las disposiciones Tercera, Cuarta, fracciones I y II, y D\u00e9cimo Sexta de las Disposiciones Generales para la implementaci\u00f3n, operaci\u00f3n y funcionamiento de la Ventanilla \u00danica Nacional; y los art\u00edculos 2, fracci\u00f3n VI; 3, fracci\u00f3n IX y 36, fracciones III y XVII del Reglamento de la Oficina de la Presidencia de la Rep\u00fablica.<\/p>\n\n\n\n<p>Mecanismo para ejercer sus derechos de acceso, rectificaci\u00f3n, cancelaci\u00f3n u oposici\u00f3n de sus datos personales (ARCO)<\/p>\n\n\n\n<p>El titular de los datos podr\u00e1 ejercer sus derechos ARCO digitalmente ante el personal de Chihuahua Green enviando un correo a contacto@chihuahua.green con el asunto \u00abEjercicio de derecho ARCO\u00bb y el tipo de derecho a ejercer, ya sea de Acceso, Rectificaci\u00f3n, Cancelaci\u00f3n u Oposici\u00f3n.<\/p>\n\n\n\n<p><strong>Transferencia de datos personales<\/strong><\/p>\n\n\n\n<p>No se realizar\u00e1n transferencias de datos personales, salvo aqu\u00e9llas que sean necesarias para atender requerimientos debidamente fundados y motivados, provenientes de una autoridad competente.<\/p>\n\n\n\n<p><\/p>\n","protected":false},"excerpt":{"rendered":"<p>Aviso de Privacidad Integral de proyecto Chihuahua Green Todos los integrantes que forman parte del proyecto Chihuahua Green, el cual tiene ubicaci\u00f3n en la ciudad de Chihuahua, Chihuahua y como tal a continuaci\u00f3n se le llamar\u00e1 Chihuahua Green, es responsable del tratamiento de los datos personales que se recaban de forma general a trav\u00e9s de [&hellip;]<\/p>\n","protected":false},"author":1,"featured_media":0,"parent":0,"menu_order":0,"comment_status":"closed","ping_status":"closed","template":"","meta":{"footnotes":""},"class_list":["post-3","page","type-page","status-publish","hentry"],"_links":{"self":[{"href":"https:\/\/chihuahuagreencity.org\/index.php?rest_route=\/wp\/v2\/pages\/3","targetHints":{"allow":["GET"]}}],"collection":[{"href":"https:\/\/chihuahuagreencity.org\/index.php?rest_route=\/wp\/v2\/pages"}],"about":[{"href":"https:\/\/chihuahuagreencity.org\/index.php?rest_route=\/wp\/v2\/types\/page"}],"author":[{"embeddable":true,"href":"https:\/\/chihuahuagreencity.org\/index.php?rest_route=\/wp\/v2\/users\/1"}],"replies":[{"embeddable":true,"href":"https:\/\/chihuahuagreencity.org\/index.php?rest_route=%2Fwp%2Fv2%2Fcomments&post=3"}],"version-history":[{"count":2,"href":"https:\/\/chihuahuagreencity.org\/index.php?rest_route=\/wp\/v2\/pages\/3\/revisions"}],"predecessor-version":[{"id":727,"href":"https:\/\/chihuahuagreencity.org\/index.php?rest_route=\/wp\/v2\/pages\/3\/revisions\/727"}],"wp:attachment":[{"href":"https:\/\/chihuahuagreencity.org\/index.php?rest_route=%2Fwp%2Fv2%2Fmedia&parent=3"}],"curies":[{"name":"wp","href":"https:\/\/api.w.org\/{rel}","templated":true}]}}